{"id":140,"date":"2023-10-23T10:56:47","date_gmt":"2023-10-23T10:56:47","guid":{"rendered":"https:\/\/etiquetasmajoma.com\/?page_id=140"},"modified":"2023-10-24T07:30:20","modified_gmt":"2023-10-24T07:30:20","slug":"productos","status":"publish","type":"page","link":"https:\/\/etiquetasmajoma.com\/?page_id=140","title":{"rendered":"PRODUCTOS"},"content":{"rendered":"\t\t<div data-elementor-type=\"wp-page\" data-elementor-id=\"140\" class=\"elementor elementor-140\">\n\t\t\t\t<div class=\"elementor-element elementor-element-1b35088 e-flex e-con-boxed e-con e-parent\" data-id=\"1b35088\" data-element_type=\"container\" data-e-type=\"container\">\n\t\t\t\t\t<div class=\"e-con-inner\">\n\t\t\t\t<div class=\"elementor-element elementor-element-6240d63 elementor-widget elementor-widget-text-editor\" data-id=\"6240d63\" data-element_type=\"widget\" data-e-type=\"widget\" data-widget_type=\"text-editor.default\">\n\t\t\t\t<div class=\"elementor-widget-container\">\n\t\t\t\t\t\t\t\t\t<h1 class=\"headline\">Producci\u00f3n de etiquetas en\u00a0<strong>Burgos<\/strong><\/h1>\t\t\t\t\t\t\t\t<\/div>\n\t\t\t\t<\/div>\n\t\t\t\t<div class=\"elementor-element elementor-element-074b64b elementor-widget-divider--view-line elementor-widget elementor-widget-divider\" data-id=\"074b64b\" data-element_type=\"widget\" data-e-type=\"widget\" data-widget_type=\"divider.default\">\n\t\t\t\t<div class=\"elementor-widget-container\">\n\t\t\t\t\t\t\t<div class=\"elementor-divider\">\n\t\t\t<span class=\"elementor-divider-separator\">\n\t\t\t\t\t\t<\/span>\n\t\t<\/div>\n\t\t\t\t\t\t<\/div>\n\t\t\t\t<\/div>\n\t\t\t\t\t<\/div>\n\t\t\t\t<\/div>\n\t\t<div class=\"elementor-element elementor-element-8dea643 e-flex e-con-boxed e-con e-parent\" data-id=\"8dea643\" data-element_type=\"container\" data-e-type=\"container\">\n\t\t\t\t\t<div class=\"e-con-inner\">\n\t\t<div class=\"elementor-element elementor-element-76feeae e-con-full e-flex e-con e-child\" data-id=\"76feeae\" data-element_type=\"container\" data-e-type=\"container\">\n\t\t\t\t<div class=\"elementor-element elementor-element-29dcce9 elementor-widget elementor-widget-text-editor\" data-id=\"29dcce9\" data-element_type=\"widget\" data-e-type=\"widget\" data-widget_type=\"text-editor.default\">\n\t\t\t\t<div class=\"elementor-widget-container\">\n\t\t\t\t\t\t\t\t\t<div class=\"module text\"><h2 class=\"subtitle\">Dise\u00f1o de etiquetas<\/h2><\/div><div id=\"m4142\" class=\"module text\"><p class=\"bodytext\">En\u00a0<a href=\"https:\/\/www.etiquetasmajoma.es\/\" data-track-event=\"click\" data-track-action=\"internal_link_clicked\">Etiquetas Majoma S.L.U.<\/a>\u00a0realizamos una gran producci\u00f3n de etiquetas con los \u00faltimos avances tecnol\u00f3gicos que se encuentran actualmente en el mercado. En nuestras instalaciones de\u00a0Burgos\u00a0realizamos todo tipo de dise\u00f1o de etiquetas.<br \/><br \/>Somos una empresa especializada en la producci\u00f3n de\u00a0etiquetas autoadhesivas\u00a0en cualquier tipo de formato, as\u00ed como de productos caracter\u00edsticos de las t\u00e9cnicas de\u00a0tipograf\u00eda de alta calidad\u00a0como el plastificado, la estampaci\u00f3n, el barnizado y el relieve en seco.<br \/><br \/>Dentro de la gama de etiquetas autoadhesivas que fabricamos podemos destacar: etiquetas termoimpresas, neutras, matricial y l\u00e1ser, de vinos, polipropileno, vinilos, sat\u00e9n autoadhesivo y de coser, etc. Todas ellas, con los\u00a0m\u00e1ximos est\u00e1ndares de calidad, gracias a las excelentes tintas y papeles utilizados.<br \/><br \/>Realizamos estudios\u00a0pormenorizados y personalizados\u00a0a las necesidades de cada cliente, creando etiquetas adaptadas a la imagen y pol\u00edtica de cada empresa. Y proporcionamos un servicio continuado de asesoramiento para el dise\u00f1o, creaci\u00f3n y puesta en el mercado de la etiqueta m\u00e1s apropiada a cada tipo de producto.<br \/><br \/>Nuestra posici\u00f3n como proveedores enfocados hacia la calidad en cantidad, nos permite entregar las soluciones de etiquetas m\u00e1s innovadoras a nuestros clientes en cada sector del mercado, a los precios m\u00e1s competitivos.\u00a0<a href=\"https:\/\/www.etiquetasmajoma.es\/contacto\" data-track-event=\"click\" data-track-action=\"internal_link_clicked\">Contacta con nosotros ahora<\/a>.<\/p><\/div>\t\t\t\t\t\t\t\t<\/div>\n\t\t\t\t<\/div>\n\t\t\t\t<\/div>\n\t\t<div class=\"elementor-element elementor-element-d4e6e75 e-con-full e-flex e-con e-child\" data-id=\"d4e6e75\" data-element_type=\"container\" data-e-type=\"container\">\n\t\t\t\t<div class=\"elementor-element elementor-element-975d283 elementor-widget elementor-widget-slides\" data-id=\"975d283\" data-element_type=\"widget\" data-e-type=\"widget\" data-widget_type=\"slides.default\">\n\t\t\t\t<div class=\"elementor-widget-container\">\n\t\t\t\t\t \t\t\t\t<\/div>\n\t\t\t\t<\/div>\n\t\t\t\t<div class=\"elementor-element elementor-element-8a4f760 elementor-widget elementor-widget-image\" data-id=\"8a4f760\" data-element_type=\"widget\" data-e-type=\"widget\" data-widget_type=\"image.default\">\n\t\t\t\t<div class=\"elementor-widget-container\">\n\t\t\t\t\t\t\t\t\t\t\t\t\t\t\t<img fetchpriority=\"high\" decoding=\"async\" width=\"458\" height=\"344\" src=\"https:\/\/etiquetasmajoma.com\/wp-content\/uploads\/2023\/10\/Etiquetas-Majoma-S-L-U-etiqueta2.jpg\" class=\"attachment-large size-large wp-image-14\" alt=\"\" srcset=\"https:\/\/etiquetasmajoma.com\/wp-content\/uploads\/2023\/10\/Etiquetas-Majoma-S-L-U-etiqueta2.jpg 458w, https:\/\/etiquetasmajoma.com\/wp-content\/uploads\/2023\/10\/Etiquetas-Majoma-S-L-U-etiqueta2-300x225.jpg 300w\" sizes=\"(max-width: 458px) 100vw, 458px\" \/>\t\t\t\t\t\t\t\t\t\t\t\t\t\t\t<\/div>\n\t\t\t\t<\/div>\n\t\t\t\t<\/div>\n\t\t\t\t\t<\/div>\n\t\t\t\t<\/div>\n\t\t<div class=\"elementor-element elementor-element-4b35ada6 e-con-full e-flex e-con e-parent\" data-id=\"4b35ada6\" data-element_type=\"container\" data-e-type=\"container\">\n\t\t\t\t<div class=\"elementor-element elementor-element-61ecbf01 elementor-widget elementor-widget-text-editor\" data-id=\"61ecbf01\" data-element_type=\"widget\" data-e-type=\"widget\" data-widget_type=\"text-editor.default\">\n\t\t\t\t<div class=\"elementor-widget-container\">\n\t\t\t\t\t\t\t\t\t<p>Producci\u00f3n de etiquetas autoadhesivas<\/p>\t\t\t\t\t\t\t\t<\/div>\n\t\t\t\t<\/div>\n\t\t\t\t<\/div>\n\t\t\t\t<\/div>\n\t\t","protected":false},"excerpt":{"rendered":"<p>Producci\u00f3n de etiquetas en\u00a0Burgos Dise\u00f1o de etiquetas En\u00a0Etiquetas Majoma S.L.U.\u00a0realizamos una gran producci\u00f3n de etiquetas con los \u00faltimos avances tecnol\u00f3gicos que se encuentran actualmente en el mercado. En nuestras instalaciones de\u00a0Burgos\u00a0realizamos todo tipo de dise\u00f1o de etiquetas. Somos una empresa especializada en la producci\u00f3n de\u00a0etiquetas autoadhesivas\u00a0en cualquier tipo de formato, as\u00ed como de productos caracter\u00edsticos [&hellip;]<\/p>\n","protected":false},"author":1,"featured_media":0,"parent":0,"menu_order":0,"comment_status":"closed","ping_status":"closed","template":"","meta":{"footnotes":""},"class_list":["post-140","page","type-page","status-publish","hentry"],"_links":{"self":[{"href":"https:\/\/etiquetasmajoma.com\/index.php?rest_route=\/wp\/v2\/pages\/140","targetHints":{"allow":["GET"]}}],"collection":[{"href":"https:\/\/etiquetasmajoma.com\/index.php?rest_route=\/wp\/v2\/pages"}],"about":[{"href":"https:\/\/etiquetasmajoma.com\/index.php?rest_route=\/wp\/v2\/types\/page"}],"author":[{"embeddable":true,"href":"https:\/\/etiquetasmajoma.com\/index.php?rest_route=\/wp\/v2\/users\/1"}],"replies":[{"embeddable":true,"href":"https:\/\/etiquetasmajoma.com\/index.php?rest_route=%2Fwp%2Fv2%2Fcomments&post=140"}],"version-history":[{"count":16,"href":"https:\/\/etiquetasmajoma.com\/index.php?rest_route=\/wp\/v2\/pages\/140\/revisions"}],"predecessor-version":[{"id":267,"href":"https:\/\/etiquetasmajoma.com\/index.php?rest_route=\/wp\/v2\/pages\/140\/revisions\/267"}],"wp:attachment":[{"href":"https:\/\/etiquetasmajoma.com\/index.php?rest_route=%2Fwp%2Fv2%2Fmedia&parent=140"}],"curies":[{"name":"wp","href":"https:\/\/api.w.org\/{rel}","templated":true}]}}