{"id":155,"date":"2023-10-23T11:27:01","date_gmt":"2023-10-23T11:27:01","guid":{"rendered":"https:\/\/etiquetasmajoma.com\/?page_id=155"},"modified":"2023-10-24T07:31:47","modified_gmt":"2023-10-24T07:31:47","slug":"materiales","status":"publish","type":"page","link":"https:\/\/etiquetasmajoma.com\/?page_id=155","title":{"rendered":"MATERIALES"},"content":{"rendered":"\t\t<div data-elementor-type=\"wp-page\" data-elementor-id=\"155\" class=\"elementor elementor-155\">\n\t\t\t\t<div class=\"elementor-element elementor-element-ef5af87 e-flex e-con-boxed e-con e-parent\" data-id=\"ef5af87\" data-element_type=\"container\" data-e-type=\"container\">\n\t\t\t\t\t<div class=\"e-con-inner\">\n\t\t\t\t<div class=\"elementor-element elementor-element-a49429a elementor-widget elementor-widget-text-editor\" data-id=\"a49429a\" data-element_type=\"widget\" data-e-type=\"widget\" data-widget_type=\"text-editor.default\">\n\t\t\t\t<div class=\"elementor-widget-container\">\n\t\t\t\t\t\t\t\t\t<h1 class=\"headline\">Materiales para etiquetas en\u00a0<strong>Burgos<\/strong><\/h1>\t\t\t\t\t\t\t\t<\/div>\n\t\t\t\t<\/div>\n\t\t\t\t<div class=\"elementor-element elementor-element-d4af683 elementor-widget-divider--view-line elementor-widget elementor-widget-divider\" data-id=\"d4af683\" data-element_type=\"widget\" data-e-type=\"widget\" data-widget_type=\"divider.default\">\n\t\t\t\t<div class=\"elementor-widget-container\">\n\t\t\t\t\t\t\t<div class=\"elementor-divider\">\n\t\t\t<span class=\"elementor-divider-separator\">\n\t\t\t\t\t\t<\/span>\n\t\t<\/div>\n\t\t\t\t\t\t<\/div>\n\t\t\t\t<\/div>\n\t\t\t\t<div class=\"elementor-element elementor-element-418531f elementor-widget elementor-widget-text-editor\" data-id=\"418531f\" data-element_type=\"widget\" data-e-type=\"widget\" data-widget_type=\"text-editor.default\">\n\t\t\t\t<div class=\"elementor-widget-container\">\n\t\t\t\t\t\t\t\t\t<div id=\"r4107\" class=\"row \">\n<div class=\"container container-fixed colsStack\">\n<div class=\"col col-sm-12 col-md-12 col-lg-12 flexCol\">\n<div class=\"flexWrap\">\n<div class=\"module text\">\n<h2 class=\"subtitle\">Materiales para etiquetas en&nbsp;<strong>Burgos<\/strong><\/h2>\n<\/div>\n<div id=\"m4142\" class=\"module text\">\n<p class=\"bodytext\">En&nbsp;<a href=\"https:\/\/www.etiquetasmajoma.es\/\" data-track-event=\"click\" data-track-action=\"internal_link_clicked\">Etiquetas Majoma S.L.U.<\/a>&nbsp;contamos con todos los materiales para etiquetas. Contamos con un&nbsp;amplio stock&nbsp;en materiales de primera calidad.&nbsp;<a href=\"https:\/\/www.etiquetasmajoma.es\/contacto\" data-track-event=\"click\" data-track-action=\"internal_link_clicked\">Solicita nuestros servicios<\/a>&nbsp;en&nbsp;Burgos.<\/p>\n<\/div>\n<\/div>\n<\/div>\n<\/div>\n<\/div>\n<div id=\"r2248\" class=\"row \">\n<div class=\"container container-fixed colsStack\">\n<div class=\"col col-sm-12\">\n<div id=\"m4418\" class=\"module text\">\n<h2 class=\"subtitle\"><strong>&nbsp;&nbsp;&nbsp;&nbsp;&nbsp;&nbsp;&nbsp;&nbsp;&nbsp;&nbsp;&nbsp;&nbsp;&nbsp;&nbsp;&nbsp;&nbsp;&nbsp;&nbsp;&nbsp;&nbsp;&nbsp;&nbsp;&nbsp;&nbsp;&nbsp;&nbsp;&nbsp;&nbsp;&nbsp;&nbsp;&nbsp;&nbsp;&nbsp;&nbsp;&nbsp;&nbsp;&nbsp;&nbsp;&nbsp;&nbsp;&nbsp;&nbsp;&nbsp;&nbsp;&nbsp;&nbsp;&nbsp;&nbsp;&nbsp;&nbsp;&nbsp;&nbsp;&nbsp;&nbsp;&nbsp;&nbsp; Materiales de papel<\/strong><\/h2>\n<\/div>\n<\/div>\n<\/div>\n<\/div>\t\t\t\t\t\t\t\t<\/div>\n\t\t\t\t<\/div>\n\t\t\t\t\t<\/div>\n\t\t\t\t<\/div>\n\t\t<div class=\"elementor-element elementor-element-a8eaf34 e-flex e-con-boxed e-con e-parent\" data-id=\"a8eaf34\" data-element_type=\"container\" data-e-type=\"container\">\n\t\t\t\t\t<div class=\"e-con-inner\">\n\t\t\t\t<div class=\"elementor-element elementor-element-5a06ac7 elementor-widget elementor-widget-text-editor\" data-id=\"5a06ac7\" data-element_type=\"widget\" data-e-type=\"widget\" data-widget_type=\"text-editor.default\">\n\t\t\t\t<div class=\"elementor-widget-container\">\n\t\t\t\t\t\t\t\t\t<div class=\"container container-fixed colsStack\"><div class=\"col col-sm-12 flexCol\"><div class=\"flexWrap\"><div id=\"m1376\" class=\"module html\"><div class=\"tg-wrap\"><table class=\"tg\" width=\"100%\"><tbody><tr><td><div>Blanco Mate<\/div><\/td><td>Papel mate universal utilizado para el etiquetaje industrial<\/td><\/tr><tr><td><div>Cartulina varios gramajes<\/div><\/td><td>Cartulina blanca sin adhesivo en continuo de varios gramajes y estucada a una cara o a dos caras.<\/td><\/tr><tr><td><div>\u00a0<\/div><div>Couch\u00e9<\/div><\/td><td>Papel semibrillo universal utilizado para el etiquetaje industrial.<\/td><\/tr><tr><td><div>\u00a0<\/div><div>Couch\u00e9 aluminio<\/div><\/td><td>Pido al papel couch\u00e9 pero contiene una capa de aluminio para poder moldear la etiqueta con la forma del producto.<\/td><\/tr><tr><td><div>\u00a0<\/div><div>Couch\u00e9 alto brillo<\/div><\/td><td>Papel brillante universal utilizado para el etiquetaje industrial.<\/td><\/tr><tr><td><div>\u00a0<\/div><div>Farmac\u00e9utico<\/div><\/td><td>Papel utilizado por la industria farmac\u00e9utica. Permite una impresi\u00f3n de alta calidad para art\u00edculos cil\u00edndricos con di\u00e1metros peque\u00f1os o superficies curvas como botes, tubos de ensayo y viales.<\/td><\/tr><tr><td><div>Fluorescente<\/div><\/td><td>\u00a0Papel utilizado para marcar precios, para etiquetas de env\u00edo, para cerrajer\u00edas, etc. Existen cuatro colores: Rojo, Naranja, Verde y Amarillo<\/td><\/tr><tr><td>Ink-Jet<\/td><td>Para impresoras de inyecci\u00f3n de tinta (Ink-Jet)<\/td><\/tr><tr><td>L\u00e1ser<\/td><td>Papel es especial para impresoras l\u00e1ser.<\/td><\/tr><tr><td>Metalizados Plata y Oro<\/td><td>Papel plata u oro y brillo o mate. Es muy usado en joyer\u00edas o en cualquier aplicaci\u00f3n que se necesit\u00f3 un tono de color plata o oro.<\/td><\/tr><tr><td>\u00a0T\u00e9rmico<\/td><td>Utilizado para imprimir con una impresora t\u00e9rmica. Puede ser t\u00e9rmico eco o t\u00e9rmico protegido. El t\u00e9rmico eco es m\u00e1s sensible a los factores externos que el protegido.<\/td><\/tr><\/tbody><\/table><\/div><\/div><div class=\"module autospacer\">\u00a0<\/div><\/div><div class=\"col col-sm-12 flexCol\"><div class=\"module autospacer\">\u00a0<\/div><\/div><\/div><\/div><div id=\"r3193\" class=\"row \"><div class=\"container container-fixed\"><div class=\"col col-sm-12\"><div id=\"m2310\" class=\"module text\"><h2 class=\"subtitle\"><strong>\u00a0\u00a0\u00a0\u00a0\u00a0\u00a0\u00a0\u00a0\u00a0\u00a0\u00a0\u00a0\u00a0\u00a0\u00a0\u00a0\u00a0\u00a0\u00a0\u00a0\u00a0\u00a0\u00a0\u00a0\u00a0\u00a0\u00a0\u00a0\u00a0\u00a0\u00a0\u00a0\u00a0\u00a0\u00a0\u00a0\u00a0\u00a0\u00a0\u00a0\u00a0\u00a0\u00a0\u00a0\u00a0\u00a0\u00a0\u00a0\u00a0\u00a0\u00a0\u00a0\u00a0\u00a0\u00a0\u00a0\u00a0\u00a0\u00a0 Materiales sint\u00e9ticos<\/strong><\/h2><\/div><div id=\"m2617\" class=\"module html\"><div class=\"tg-wrap\"><table class=\"tg\" width=\"100%\"><tbody><tr><td><div>Blanco Mate<\/div><\/td><td>Papel mate universal utilizado para el etiquetaje industrial<\/td><\/tr><tr><td><div>Cartulina varios gramajes<\/div><\/td><td>Cartulina blanca sin adhesivo en continuo de varios gramajes y estucada a una cara o a dos caras.<\/td><\/tr><tr><td><div>\u00a0<\/div><div>Couch\u00e9<\/div><\/td><td>Papel semibrillo universal utilizado para el etiquetaje industrial.<\/td><\/tr><tr><td><div>\u00a0<\/div><div>Couch\u00e9 aluminio<\/div><\/td><td>Pido al papel couch\u00e9 pero contiene una capa de aluminio para poder moldear la etiqueta con la forma del producto.<\/td><\/tr><tr><td><div>\u00a0<\/div><div>Couch\u00e9 alto brillo<\/div><\/td><td>Papel brillante universal utilizado para el etiquetaje industrial.<\/td><\/tr><tr><td><div>\u00a0<\/div><div>Farmac\u00e9utico<\/div><\/td><td>Papel utilizado por la industria farmac\u00e9utica. Permite una impresi\u00f3n de alta calidad para art\u00edculos cil\u00edndricos con di\u00e1metros peque\u00f1os o superficies curvas como botes, tubos de ensayo y viales.<\/td><\/tr><tr><td><div>Fluorescente<\/div><\/td><td>\u00a0Papel utilizado para marcar precios, para etiquetas de env\u00edo, para cerrajer\u00edas, etc. Existen cuatro colores: Rojo, Naranja, Verde y Amarillo<\/td><\/tr><tr><td>Ink-Jet<\/td><td>Para impresoras de inyecci\u00f3n de tinta (Ink-Jet)<\/td><\/tr><tr><td>L\u00e1ser<\/td><td>Papel es especial para impresoras l\u00e1ser.<\/td><\/tr><tr><td>Metalizados Plata y Oro<\/td><td>Papel plata u oro y brillo o mate. Es muy usado en joyer\u00edas o en cualquier aplicaci\u00f3n que se necesit\u00f3 un tono de color plata o oro.<\/td><\/tr><tr><td>\u00a0T\u00e9rmico<\/td><td>Utilizado para imprimir con una impresora t\u00e9rmica. Puede ser t\u00e9rmico eco o t\u00e9rmico protegido. El t\u00e9rmico eco es m\u00e1s sensible a los factores externos que el protegido.<\/td><\/tr><\/tbody><\/table><\/div><\/div><\/div><\/div><\/div>\t\t\t\t\t\t\t\t<\/div>\n\t\t\t\t<\/div>\n\t\t\t\t\t<\/div>\n\t\t\t\t<\/div>\n\t\t<div class=\"elementor-element elementor-element-c53740f e-flex e-con-boxed e-con e-parent\" data-id=\"c53740f\" data-element_type=\"container\" data-e-type=\"container\">\n\t\t\t\t\t<div class=\"e-con-inner\">\n\t\t<div class=\"elementor-element elementor-element-e85cfc3 e-con-full e-flex e-con e-child\" data-id=\"e85cfc3\" data-element_type=\"container\" data-e-type=\"container\">\n\t\t\t\t<\/div>\n\t\t<div class=\"elementor-element elementor-element-a26e2e6 e-con-full e-flex e-con e-child\" data-id=\"a26e2e6\" data-element_type=\"container\" data-e-type=\"container\">\n\t\t\t\t<\/div>\n\t\t<div class=\"elementor-element elementor-element-1a63d86 e-con-full e-flex e-con e-child\" data-id=\"1a63d86\" data-element_type=\"container\" data-e-type=\"container\">\n\t\t\t\t<\/div>\n\t\t\t\t\t<\/div>\n\t\t\t\t<\/div>\n\t\t<div class=\"elementor-element elementor-element-0bd340d e-flex e-con-boxed e-con e-parent\" data-id=\"0bd340d\" data-element_type=\"container\" data-e-type=\"container\">\n\t\t\t\t\t<div class=\"e-con-inner\">\n\t\t<div class=\"elementor-element elementor-element-b24ce03 e-con-full e-flex e-con e-child\" data-id=\"b24ce03\" data-element_type=\"container\" data-e-type=\"container\">\n\t\t\t\t<div class=\"elementor-element elementor-element-522cafa elementor-widget elementor-widget-image\" data-id=\"522cafa\" data-element_type=\"widget\" data-e-type=\"widget\" data-widget_type=\"image.default\">\n\t\t\t\t<div class=\"elementor-widget-container\">\n\t\t\t\t\t\t\t\t\t\t\t\t\t\t\t<img decoding=\"async\" src=\"https:\/\/etiquetasmajoma.com\/wp-content\/uploads\/elementor\/thumbs\/Etiquetas-Majoma-S-L-U-etiqueta-9-qe4yinvug19yj71vlqpd7y1jhd89sa54jwg3s3flv4.jpg\" title=\"Etiquetas-Majoma-S-L-U-etiqueta-9\" alt=\"Etiquetas-Majoma-S-L-U-etiqueta-9\" loading=\"lazy\" \/>\t\t\t\t\t\t\t\t\t\t\t\t\t\t\t<\/div>\n\t\t\t\t<\/div>\n\t\t\t\t<\/div>\n\t\t<div class=\"elementor-element elementor-element-5020895 e-con-full e-flex e-con e-child\" data-id=\"5020895\" data-element_type=\"container\" data-e-type=\"container\">\n\t\t\t\t<div class=\"elementor-element elementor-element-0d0b686 elementor-widget__width-initial elementor-widget elementor-widget-image\" data-id=\"0d0b686\" data-element_type=\"widget\" data-e-type=\"widget\" data-widget_type=\"image.default\">\n\t\t\t\t<div class=\"elementor-widget-container\">\n\t\t\t\t\t\t\t\t\t\t\t\t\t\t\t<img decoding=\"async\" src=\"https:\/\/etiquetasmajoma.com\/wp-content\/uploads\/elementor\/thumbs\/Etiquetas-Majoma-S-L-U-etiqueta8-qe4yinvug19yj71vlqpd7y1jhd89sa54jwg3s3flv4.jpg\" title=\"Etiquetas-Majoma-S-L-U-etiqueta8\" alt=\"Etiquetas-Majoma-S-L-U-etiqueta8\" loading=\"lazy\" \/>\t\t\t\t\t\t\t\t\t\t\t\t\t\t\t<\/div>\n\t\t\t\t<\/div>\n\t\t\t\t<\/div>\n\t\t<div class=\"elementor-element elementor-element-a4717bf e-con-full e-flex e-con e-child\" data-id=\"a4717bf\" data-element_type=\"container\" data-e-type=\"container\">\n\t\t\t\t<div class=\"elementor-element elementor-element-6dd64bf elementor-widget elementor-widget-image\" data-id=\"6dd64bf\" data-element_type=\"widget\" data-e-type=\"widget\" data-widget_type=\"image.default\">\n\t\t\t\t<div class=\"elementor-widget-container\">\n\t\t\t\t\t\t\t\t\t\t\t\t\t\t\t<img fetchpriority=\"high\" decoding=\"async\" width=\"800\" height=\"600\" src=\"https:\/\/etiquetasmajoma.com\/wp-content\/uploads\/2023\/10\/Etiquetas-Majoma-S-L-U-etiqueta-07.jpg\" class=\"attachment-large size-large wp-image-16\" alt=\"\" srcset=\"https:\/\/etiquetasmajoma.com\/wp-content\/uploads\/2023\/10\/Etiquetas-Majoma-S-L-U-etiqueta-07.jpg 800w, https:\/\/etiquetasmajoma.com\/wp-content\/uploads\/2023\/10\/Etiquetas-Majoma-S-L-U-etiqueta-07-300x225.jpg 300w, https:\/\/etiquetasmajoma.com\/wp-content\/uploads\/2023\/10\/Etiquetas-Majoma-S-L-U-etiqueta-07-768x576.jpg 768w\" sizes=\"(max-width: 800px) 100vw, 800px\" \/>\t\t\t\t\t\t\t\t\t\t\t\t\t\t\t<\/div>\n\t\t\t\t<\/div>\n\t\t\t\t<\/div>\n\t\t\t\t\t<\/div>\n\t\t\t\t<\/div>\n\t\t<div class=\"elementor-element elementor-element-c0637bb e-flex e-con-boxed e-con e-parent\" data-id=\"c0637bb\" data-element_type=\"container\" data-e-type=\"container\">\n\t\t\t\t\t<div class=\"e-con-inner\">\n\t\t\t\t<div class=\"elementor-element elementor-element-8d1d0c9 elementor-widget-divider--view-line elementor-widget elementor-widget-divider\" data-id=\"8d1d0c9\" data-element_type=\"widget\" data-e-type=\"widget\" data-widget_type=\"divider.default\">\n\t\t\t\t<div class=\"elementor-widget-container\">\n\t\t\t\t\t\t\t<div class=\"elementor-divider\">\n\t\t\t<span class=\"elementor-divider-separator\">\n\t\t\t\t\t\t<\/span>\n\t\t<\/div>\n\t\t\t\t\t\t<\/div>\n\t\t\t\t<\/div>\n\t\t\t\t\t<\/div>\n\t\t\t\t<\/div>\n\t\t<div class=\"elementor-element elementor-element-3f9b25ef e-con-full e-flex e-con e-parent\" data-id=\"3f9b25ef\" data-element_type=\"container\" data-e-type=\"container\">\n\t\t\t\t<div class=\"elementor-element elementor-element-68e2b303 elementor-widget elementor-widget-text-editor\" data-id=\"68e2b303\" data-element_type=\"widget\" data-e-type=\"widget\" data-widget_type=\"text-editor.default\">\n\t\t\t\t<div class=\"elementor-widget-container\">\n\t\t\t\t\t\t\t\t\t<p>Conoce todos nuestros materiales<\/p>\t\t\t\t\t\t\t\t<\/div>\n\t\t\t\t<\/div>\n\t\t\t\t<\/div>\n\t\t\t\t<\/div>\n\t\t","protected":false},"excerpt":{"rendered":"<p>Materiales para etiquetas en\u00a0Burgos Materiales para etiquetas en&nbsp;Burgos En&nbsp;Etiquetas Majoma S.L.U.&nbsp;contamos con todos los materiales para etiquetas. Contamos con un&nbsp;amplio stock&nbsp;en materiales de primera calidad.&nbsp;Solicita nuestros servicios&nbsp;en&nbsp;Burgos. &nbsp;&nbsp;&nbsp;&nbsp;&nbsp;&nbsp;&nbsp;&nbsp;&nbsp;&nbsp;&nbsp;&nbsp;&nbsp;&nbsp;&nbsp;&nbsp;&nbsp;&nbsp;&nbsp;&nbsp;&nbsp;&nbsp;&nbsp;&nbsp;&nbsp;&nbsp;&nbsp;&nbsp;&nbsp;&nbsp;&nbsp;&nbsp;&nbsp;&nbsp;&nbsp;&nbsp;&nbsp;&nbsp;&nbsp;&nbsp;&nbsp;&nbsp;&nbsp;&nbsp;&nbsp;&nbsp;&nbsp;&nbsp;&nbsp;&nbsp;&nbsp;&nbsp;&nbsp;&nbsp;&nbsp;&nbsp; Materiales de papel Blanco Mate Papel mate universal utilizado para el etiquetaje industrial Cartulina varios gramajes Cartulina blanca sin adhesivo en continuo de varios gramajes y estucada [&hellip;]<\/p>\n","protected":false},"author":1,"featured_media":0,"parent":0,"menu_order":0,"comment_status":"closed","ping_status":"closed","template":"","meta":{"footnotes":""},"class_list":["post-155","page","type-page","status-publish","hentry"],"_links":{"self":[{"href":"https:\/\/etiquetasmajoma.com\/index.php?rest_route=\/wp\/v2\/pages\/155","targetHints":{"allow":["GET"]}}],"collection":[{"href":"https:\/\/etiquetasmajoma.com\/index.php?rest_route=\/wp\/v2\/pages"}],"about":[{"href":"https:\/\/etiquetasmajoma.com\/index.php?rest_route=\/wp\/v2\/types\/page"}],"author":[{"embeddable":true,"href":"https:\/\/etiquetasmajoma.com\/index.php?rest_route=\/wp\/v2\/users\/1"}],"replies":[{"embeddable":true,"href":"https:\/\/etiquetasmajoma.com\/index.php?rest_route=%2Fwp%2Fv2%2Fcomments&post=155"}],"version-history":[{"count":13,"href":"https:\/\/etiquetasmajoma.com\/index.php?rest_route=\/wp\/v2\/pages\/155\/revisions"}],"predecessor-version":[{"id":271,"href":"https:\/\/etiquetasmajoma.com\/index.php?rest_route=\/wp\/v2\/pages\/155\/revisions\/271"}],"wp:attachment":[{"href":"https:\/\/etiquetasmajoma.com\/index.php?rest_route=%2Fwp%2Fv2%2Fmedia&parent=155"}],"curies":[{"name":"wp","href":"https:\/\/api.w.org\/{rel}","templated":true}]}}