{"id":31,"date":"2023-10-20T11:28:21","date_gmt":"2023-10-20T11:28:21","guid":{"rendered":"https:\/\/etiquetasmajoma.com\/?page_id=31"},"modified":"2023-10-24T07:29:16","modified_gmt":"2023-10-24T07:29:16","slug":"acerca-de","status":"publish","type":"page","link":"https:\/\/etiquetasmajoma.com\/?page_id=31","title":{"rendered":"EMPRESA"},"content":{"rendered":"\t\t<div data-elementor-type=\"wp-page\" data-elementor-id=\"31\" class=\"elementor elementor-31\">\n\t\t\t\t<div class=\"elementor-element elementor-element-27ba057 e-flex e-con-boxed e-con e-parent\" data-id=\"27ba057\" data-element_type=\"container\" data-e-type=\"container\">\n\t\t\t\t\t<div class=\"e-con-inner\">\n\t\t\t\t<div class=\"elementor-element elementor-element-8939d41 elementor-widget elementor-widget-heading\" data-id=\"8939d41\" data-element_type=\"widget\" data-e-type=\"widget\" data-widget_type=\"heading.default\">\n\t\t\t\t<div class=\"elementor-widget-container\">\n\t\t\t\t\t<h1 class=\"elementor-heading-title elementor-size-default\">Fabricantes de etiquetas en Burgos<\/h1>\t\t\t\t<\/div>\n\t\t\t\t<\/div>\n\t\t\t\t<div class=\"elementor-element elementor-element-87f34bb elementor-widget-divider--view-line elementor-widget elementor-widget-divider\" data-id=\"87f34bb\" data-element_type=\"widget\" data-e-type=\"widget\" data-widget_type=\"divider.default\">\n\t\t\t\t<div class=\"elementor-widget-container\">\n\t\t\t\t\t\t\t<div class=\"elementor-divider\">\n\t\t\t<span class=\"elementor-divider-separator\">\n\t\t\t\t\t\t<\/span>\n\t\t<\/div>\n\t\t\t\t\t\t<\/div>\n\t\t\t\t<\/div>\n\t\t\t\t\t<\/div>\n\t\t\t\t<\/div>\n\t\t<div class=\"elementor-element elementor-element-222e651 e-flex e-con-boxed e-con e-parent\" data-id=\"222e651\" data-element_type=\"container\" data-e-type=\"container\">\n\t\t\t\t\t<div class=\"e-con-inner\">\n\t\t<div class=\"elementor-element elementor-element-8207a56 e-con-full e-flex e-con e-child\" data-id=\"8207a56\" data-element_type=\"container\" data-e-type=\"container\">\n\t\t\t\t<div class=\"elementor-element elementor-element-bf827bd elementor-widget elementor-widget-text-editor\" data-id=\"bf827bd\" data-element_type=\"widget\" data-e-type=\"widget\" data-widget_type=\"text-editor.default\">\n\t\t\t\t<div class=\"elementor-widget-container\">\n\t\t\t\t\t\t\t\t\t<div class=\"flexWrap\">\n<div class=\"module text\">\n<h2 class=\"subtitle\">Etiquetas Majoma S.L.U.<\/h2>\n<\/div>\n<div id=\"m4142\" class=\"module text\">\n<p class=\"bodytext\">En\u00a0<a href=\"https:\/\/www.etiquetasmajoma.es\/\" data-track-event=\"click\" data-track-action=\"internal_link_clicked\">Etiquetas Majoma S.L.U.<\/a>\u00a0somos fabricantes de etiquetas de calidad. contamos con una amplia experiencia en el sector de\u00a0artes gr\u00e1ficas.\u00a0<\/p>\n<p class=\"bodytext\"><br \/>Etiquetas Majoma S.L.U.\u00a0se cre\u00f3 en 1974, como una de las primeras empresas de artes gr\u00e1ficas especializadas en etiquetas autoadhesivas de Castilla y Le\u00f3n.<br \/><br \/>La empresa naci\u00f3 con la vocaci\u00f3n de ser un\u00a0referente tanto a nivel regional\u00a0como nacional y ha conseguido implantarse como proveedor habitual de m\u00e1s de 300 clientes, entre los que se encuentran peque\u00f1as y medianas empresas, as\u00ed como particulares aut\u00f3nomos.<br \/><br \/>Nuestra actividad\u00a0se centra, a nivel peninsular, en las zonas centro y norte como Asturias, Castilla y Le\u00f3n, Galicia, Madrid y Vizcaya. Pero tambi\u00e9n se realizan trabajos para el resto de Espa\u00f1a, Portugal y Europa del Este.<br \/><br \/>En los \u00faltimos a\u00f1os, la empresa ha experimentado una profunda renovaci\u00f3n y un importante crecimiento.<br \/><br \/>Hoy contamos con las mejores m\u00e1quinas de\u00a0termoimpresi\u00f3n\u00a0y\u00a0semirotativas\u00a0tipogr\u00e1ficas y los \u00faltimos equipos inform\u00e1ticos Mac, potenciados por la tecnolog\u00eda Apple y sus aplicaciones orientadas al dise\u00f1o gr\u00e1fico profesional.<br \/><br \/>Todo ello en una nueva sede m\u00e1s grande y mejor equipada, para ofrecer a nuestros clientes el mejor servicio a precios altamente competitivos.<br \/><br \/><a href=\"https:\/\/www.etiquetasmajoma.es\/contacto\" data-track-event=\"click\" data-track-action=\"internal_link_clicked\">Contacta con nosotros<\/a>\u00a0y solicita nuestros productos. Te ofrecemos etiquetas con una gran calidad.<\/p>\n<\/div>\n<\/div>\t\t\t\t\t\t\t\t<\/div>\n\t\t\t\t<\/div>\n\t\t\t\t<\/div>\n\t\t<div class=\"elementor-element elementor-element-cf21ecf e-con-full e-flex e-con e-child\" data-id=\"cf21ecf\" data-element_type=\"container\" data-e-type=\"container\">\n\t\t\t\t<div class=\"elementor-element elementor-element-d670470 elementor-widget elementor-widget-slides\" data-id=\"d670470\" data-element_type=\"widget\" data-e-type=\"widget\" data-widget_type=\"slides.default\">\n\t\t\t\t<div class=\"elementor-widget-container\">\n\t\t\t\t\t \t\t\t\t<\/div>\n\t\t\t\t<\/div>\n\t\t\t\t<div class=\"elementor-element elementor-element-397d0b2 elementor-widget elementor-widget-image\" data-id=\"397d0b2\" data-element_type=\"widget\" data-e-type=\"widget\" data-widget_type=\"image.default\">\n\t\t\t\t<div class=\"elementor-widget-container\">\n\t\t\t\t\t\t\t\t\t\t\t\t\t\t\t<img fetchpriority=\"high\" decoding=\"async\" width=\"555\" height=\"426\" src=\"https:\/\/etiquetasmajoma.com\/wp-content\/uploads\/2023\/10\/Etiquetas-Majoma-S-L-U-maquina-etiquetas.jpg\" class=\"attachment-large size-large wp-image-24\" alt=\"\" srcset=\"https:\/\/etiquetasmajoma.com\/wp-content\/uploads\/2023\/10\/Etiquetas-Majoma-S-L-U-maquina-etiquetas.jpg 555w, https:\/\/etiquetasmajoma.com\/wp-content\/uploads\/2023\/10\/Etiquetas-Majoma-S-L-U-maquina-etiquetas-300x230.jpg 300w\" sizes=\"(max-width: 555px) 100vw, 555px\" \/>\t\t\t\t\t\t\t\t\t\t\t\t\t\t\t<\/div>\n\t\t\t\t<\/div>\n\t\t\t\t<\/div>\n\t\t\t\t\t<\/div>\n\t\t\t\t<\/div>\n\t\t<div class=\"elementor-element elementor-element-32d3ea01 e-con-full e-flex e-con e-parent\" data-id=\"32d3ea01\" data-element_type=\"container\" data-e-type=\"container\">\n\t\t\t\t<div class=\"elementor-element elementor-element-678cc16 elementor-widget elementor-widget-text-editor\" data-id=\"678cc16\" data-element_type=\"widget\" data-e-type=\"widget\" data-widget_type=\"text-editor.default\">\n\t\t\t\t<div class=\"elementor-widget-container\">\n\t\t\t\t\t\t\t\t\t<p>Etiquetas personalizadas y con una gran resoluci\u00f3n<\/p>\t\t\t\t\t\t\t\t<\/div>\n\t\t\t\t<\/div>\n\t\t\t\t<\/div>\n\t\t\t\t<\/div>\n\t\t","protected":false},"excerpt":{"rendered":"<p>Fabricantes de etiquetas en Burgos Etiquetas Majoma S.L.U. En\u00a0Etiquetas Majoma S.L.U.\u00a0somos fabricantes de etiquetas de calidad. contamos con una amplia experiencia en el sector de\u00a0artes gr\u00e1ficas.\u00a0 Etiquetas Majoma S.L.U.\u00a0se cre\u00f3 en 1974, como una de las primeras empresas de artes gr\u00e1ficas especializadas en etiquetas autoadhesivas de Castilla y Le\u00f3n. La empresa naci\u00f3 con la vocaci\u00f3n [&hellip;]<\/p>\n","protected":false},"author":1,"featured_media":0,"parent":0,"menu_order":0,"comment_status":"closed","ping_status":"closed","template":"","meta":{"footnotes":""},"class_list":["post-31","page","type-page","status-publish","hentry"],"_links":{"self":[{"href":"https:\/\/etiquetasmajoma.com\/index.php?rest_route=\/wp\/v2\/pages\/31","targetHints":{"allow":["GET"]}}],"collection":[{"href":"https:\/\/etiquetasmajoma.com\/index.php?rest_route=\/wp\/v2\/pages"}],"about":[{"href":"https:\/\/etiquetasmajoma.com\/index.php?rest_route=\/wp\/v2\/types\/page"}],"author":[{"embeddable":true,"href":"https:\/\/etiquetasmajoma.com\/index.php?rest_route=\/wp\/v2\/users\/1"}],"replies":[{"embeddable":true,"href":"https:\/\/etiquetasmajoma.com\/index.php?rest_route=%2Fwp%2Fv2%2Fcomments&post=31"}],"version-history":[{"count":14,"href":"https:\/\/etiquetasmajoma.com\/index.php?rest_route=\/wp\/v2\/pages\/31\/revisions"}],"predecessor-version":[{"id":263,"href":"https:\/\/etiquetasmajoma.com\/index.php?rest_route=\/wp\/v2\/pages\/31\/revisions\/263"}],"wp:attachment":[{"href":"https:\/\/etiquetasmajoma.com\/index.php?rest_route=%2Fwp%2Fv2%2Fmedia&parent=31"}],"curies":[{"name":"wp","href":"https:\/\/api.w.org\/{rel}","templated":true}]}}